{"id":3,"date":"2023-05-17T00:07:54","date_gmt":"2023-05-17T00:07:54","guid":{"rendered":"https:\/\/diasporadigitalgrowth.com\/?page_id=3"},"modified":"2023-05-27T23:20:15","modified_gmt":"2023-05-27T23:20:15","slug":"politica-privacidad-app-comment-picker","status":"publish","type":"page","link":"https:\/\/diasporadigitalgrowth.com\/index.php\/politica-privacidad-app-comment-picker\/","title":{"rendered":"Pol\u00edtica de privacidad tiktok comment picker"},"content":{"rendered":"\n<p>\u00daltima actualizaci\u00f3n: 27 de mayo de 2023<\/p>\n\n\n\n<h2 class=\"wp-block-heading\">Sus Datos Personales<\/h2>\n\n\n\n<p class=\"has-text-align-center\"><strong>Resumen de la pol\u00edtica<\/strong><\/p>\n\n\n\n<p>Datos Personales recogidos para las siguientes finalidades y utilizando los siguientes servicios:<\/p>\n\n\n\n<p><em>Publicidad<\/em><\/p>\n\n\n\n<p>AdMob<\/p>\n\n\n\n<p><\/p>\n\n\n\n<p><em>Datos personales: Cookies; identificadores \u00fanicos de dispositivos para publicidad (ID de anunciante de Google o IDFA, por ejemplo); Datos de uso.<\/em><\/p>\n\n\n\n<p>MoPub, AdColony, InMobi, AppLovin y Facebook Lookalike Audience<\/p>\n\n\n\n<p><\/p>\n\n\n\n<p><em>Datos personales: Cookies; Datos de uso<\/em><\/p>\n\n\n\n<p>Pruebas beta<\/p>\n\n\n\n<p>TestFlight<\/p>\n\n\n\n<p><\/p>\n\n\n\n<p><em>Datos personales: informaci\u00f3n de la aplicaci\u00f3n<\/em><\/p>\n\n\n\n<p>Monitorizaci\u00f3n de infraestructuras<\/p>\n\n\n\n<p>Crashlytics<\/p>\n\n\n\n<p><\/p>\n\n\n\n<p><em>Datos personales Informaci\u00f3n sobre colisiones; informaci\u00f3n sobre dispositivos; identificador \u00fanico universal (UUID)<\/em><\/p>\n\n\n\n<p>Servicios de plataforma y alojamiento<\/p>\n\n\n\n<p>Web<\/p>\n\n\n\n<p><\/p>\n\n\n\n<p><em>Datos personales: Datos de uso<\/em><\/p>\n\n\n\n<p>Anal\u00edtica<\/p>\n\n\n\n<p>Google Analytics<\/p>\n\n\n\n<p><\/p>\n\n\n\n<p><em>Datos personales: Cookies; Datos de uso<\/em><\/p>\n\n\n\n<p>Datos personales: Aperturas de aplicaciones; Actualizaciones de aplicaciones; Cookies; Informaci\u00f3n del dispositivo; Primeros lanzamientos; Geograf\u00eda\/regi\u00f3n; Compras dentro de la aplicaci\u00f3n; N\u00famero de sesiones; N\u00famero de usuarios ; Sistemas operativos; Duraci\u00f3n de la sesi\u00f3n; Identificadores \u00fanicos de dispositivos para publicidad (ID de anunciante de Google o IDFA, por ejemplo); Datos de uso.<\/p>\n\n\n\n<p>Facebook Analytics para aplicaciones<\/p>\n\n\n\n<p><\/p>\n\n\n\n<p><em>Datos personales: Datos de Uso; varios tipos de Datos seg\u00fan se especifica en la pol\u00edtica de privacidad del servicio<\/em><\/p>\n\n\n\n<p>Infraestructura de alojamiento y backend<\/p>\n\n\n\n<p><\/p>\n\n\n\n<p><em>Datos personales: varios tipos de datos seg\u00fan se especifica en la pol\u00edtica de privacidad del servicio<\/em><\/p>\n\n\n\n<p>Gesti\u00f3n de contactos y env\u00edo de mensajes<\/p>\n\n\n\n<p><\/p>\n\n\n\n<p><em>Datos personales: varios tipos de datos seg\u00fan se especifica en la pol\u00edtica de privacidad del servicio<\/em><\/p>\n\n\n\n<p>Funciones sociales<\/p>\n\n\n\n<p>Enlaces din\u00e1micos word press<\/p>\n\n\n\n<p><\/p>\n\n\n\n<p>Datos personales: varios tipos de datos seg\u00fan se especifica en la pol\u00edtica de privacidad del servicio<\/p>\n\n\n\n<p><\/p>\n\n\n\n<p><strong>Informaci\u00f3n de contacto<\/strong><\/p>\n\n\n\n<p><em>Propietario y responsable del tratamiento<\/em><\/p>\n\n\n\n<p>Ricardo Sarmiento Monsalve<\/p>\n\n\n\n<p>Correo electr\u00f3nico de contacto del propietario: risarmi@gmail.com<\/p>\n\n\n\n<p><\/p>\n\n\n\n<p><strong>Pol\u00edtica completa<\/strong><\/p>\n\n\n\n<p>Propietario y responsable del tratamiento<\/p>\n\n\n\n<p>Ricardo Sarmiento Monsalve<\/p>\n\n\n\n<p>Correo electr\u00f3nico de contacto del propietario: risarmi@gmail.com<\/p>\n\n\n\n<p><\/p>\n\n\n\n<p><strong>Tipos de Datos recogidos<\/strong><\/p>\n\n\n\n<p>Entre los tipos de Datos Personales que <strong>tiktok comment picker <\/strong>recoge, por s\u00ed mismo o a trav\u00e9s de terceros, se encuentran: ID de TikTok, nombre de usuario de TikTok, nombre completo, enlace de foto de perfil de TikTok, correo electr\u00f3nico, n\u00famero de tel\u00e9fono, sexo. Cookies; Datos de Uso; identificadores \u00fanicos de dispositivo para publicidad (Google Advertiser ID o IDFA, por ejemplo); informaci\u00f3n del dispositivo; geograf\u00eda\/regi\u00f3n; n\u00famero de Usuarios ; n\u00famero de sesiones; duraci\u00f3n de la sesi\u00f3n; compras dentro de la aplicaci\u00f3n; aperturas de la aplicaci\u00f3n; actualizaciones de la aplicaci\u00f3n; primeros lanzamientos; sistemas operativos; identificador \u00fanico universal (UUID); informaci\u00f3n de Crash; informaci\u00f3n de la aplicaci\u00f3n.<\/p>\n\n\n\n<p>Los detalles completos sobre cada tipo de Datos Personales recopilados se proporcionan en las secciones dedicadas de esta pol\u00edtica de privacidad o mediante textos explicativos espec\u00edficos mostrados antes de la recopilaci\u00f3n de datos. Los Datos Personales pueden ser proporcionados libremente por el Usuario o, en el caso de los Datos de Uso, recopilados autom\u00e1ticamente al utilizar <strong>tiktok comment picker.<\/strong><\/p>\n\n\n\n<p>A menos que se especifique lo contrario, todos los Datos solicitados por <strong>tiktok comment picker<\/strong> son obligatorios y el hecho de no proporcionarlos puede imposibilitar que<strong> tiktok comment picker<\/strong> preste sus servicios. En los casos en que <strong>tiktok comment picker<\/strong> indique espec\u00edficamente que algunos Datos no son obligatorios, los Usuarios son libres de no comunicar estos Datos sin consecuencias para la disponibilidad o el funcionamiento del Servicio.<\/p>\n\n\n\n<p>Los Usuarios que no est\u00e9n seguros de qu\u00e9 Datos Personales son obligatorios pueden ponerse en contacto con el Propietario. Cualquier uso de Cookies &#8211; o de otras herramientas de seguimiento &#8211; por parte de <strong>tiktok comment picker<\/strong> o por parte de los propietarios de servicios de terceros utilizados por <strong>tiktok comment picker<\/strong> sirve al prop\u00f3sito de proporcionar el Servicio requerido por el Usuario, adem\u00e1s de cualquier otro prop\u00f3sito descrito en el presente documento y en la Pol\u00edtica de Cookies, si est\u00e1 disponible.<\/p>\n\n\n\n<p>Los Usuarios son responsables de los Datos Personales de terceros obtenidos, publicados o compartidos a trav\u00e9s de <strong>tiktok comment picker<\/strong> y confirman que cuentan con el consentimiento del tercero para facilitar los Datos al Propietario.<\/p>\n\n\n\n<p><\/p>\n\n\n\n<p class=\"has-text-align-center\"><strong>Modo y lugar de tratamiento de los Datos<\/strong><\/p>\n\n\n\n<p><strong>M\u00e9todos de tratamiento<\/strong><\/p>\n\n\n\n<p>El Propietario toma las medidas de seguridad adecuadas para evitar el acceso no autorizado, la divulgaci\u00f3n, modificaci\u00f3n o destrucci\u00f3n no autorizada de los Datos. El tratamiento de los datos se lleva a cabo utilizando ordenadores y\/o herramientas inform\u00e1ticas, siguiendo procedimientos y modos organizativos estrictamente relacionados con los fines indicados. Adem\u00e1s del Propietario, en algunos casos, los Datos pueden ser accesibles a ciertos tipos de personas a cargo, involucradas con la operaci\u00f3n de <strong>tiktok comment picker<\/strong> (administraci\u00f3n, ventas, marketing, legal, administraci\u00f3n del sistema) o partes externas (como proveedores de servicios t\u00e9cnicos de terceros, transportistas de correo, proveedores de alojamiento, empresas de TI, agencias de comunicaciones) designados, si es necesario, como Procesadores de Datos por el Propietario. La lista actualizada de estas partes puede solicitarse al Propietario en cualquier momento.<\/p>\n\n\n\n<p><\/p>\n\n\n\n<p><strong>Base jur\u00eddica del tratamiento<\/strong><\/p>\n\n\n\n<p>El Propietario puede procesar Datos Personales relativos a los Usuarios si se aplica una de las siguientes condiciones:<\/p>\n\n\n\n<p>Los Usuarios han dado su consentimiento para uno o m\u00e1s fines espec\u00edficos. Nota: En virtud de algunas legislaciones, el Propietario puede estar autorizado a tratar Datos Personales hasta que el Usuario se oponga a dicho tratamiento (&#8220;opt-out&#8221;), sin tener que basarse en el consentimiento o en cualquier otra de las siguientes bases jur\u00eddicas. Esto, sin embargo, no se aplica, siempre que el tratamiento de Datos Personales est\u00e9 sujeto a la legislaci\u00f3n europea de protecci\u00f3n de datos; el suministro de Datos sea necesario para la ejecuci\u00f3n de un acuerdo con el Usuario y\/o para cualquier obligaci\u00f3n precontractual del mismo; el tratamiento sea necesario para el cumplimiento de una obligaci\u00f3n legal a la que est\u00e9 sujeto el Propietario<\/p>\n\n\n\n<p>el tratamiento est\u00e1 relacionado con una tarea que se lleva a cabo en inter\u00e9s p\u00fablico o en el ejercicio de la autoridad oficial conferida al Propietario; el tratamiento es necesario a efectos de los intereses leg\u00edtimos perseguidos por el Propietario o por un tercero.<\/p>\n\n\n\n<p>En cualquier caso, el Propietario estar\u00e1 encantado de ayudar a aclarar la base jur\u00eddica espec\u00edfica que se aplica al tratamiento y, en particular, si el suministro de Datos Personales es un requisito legal o contractual, o un requisito necesario para celebrar un contrato.<\/p>\n\n\n\n<p><\/p>\n\n\n\n<p><strong>Lugar<\/strong><\/p>\n\n\n\n<p>Los Datos se procesan en las oficinas operativas del Propietario y en cualquier otro lugar donde se encuentren las partes implicadas en el procesamiento.<\/p>\n\n\n\n<p>Dependiendo de la ubicaci\u00f3n del Usuario, las transferencias de datos pueden implicar la transferencia de los Datos del Usuario a un pa\u00eds distinto del suyo. Para obtener m\u00e1s informaci\u00f3n sobre el lugar de tratamiento de dichos Datos transferidos, los Usuarios pueden consultar la secci\u00f3n que contiene detalles sobre el tratamiento de Datos Personales.<\/p>\n\n\n\n<p>Los Usuarios tambi\u00e9n tienen derecho a informarse sobre la base jur\u00eddica de las transferencias de Datos a un pa\u00eds no perteneciente a la Uni\u00f3n Europea o a cualquier organizaci\u00f3n internacional regida por el derecho internacional p\u00fablico o creada por dos o m\u00e1s pa\u00edses, como la ONU, y sobre las medidas de seguridad adoptadas por el Propietario para salvaguardar sus Datos.<\/p>\n\n\n\n<p>Si se produce alguna de estas transferencias, los Usuarios pueden obtener m\u00e1s informaci\u00f3n consultando las secciones pertinentes de este documento o preguntar al Propietario utilizando la informaci\u00f3n proporcionada en la secci\u00f3n de contacto.<\/p>\n\n\n\n<p><\/p>\n\n\n\n<p><strong>Tiempo de conservaci\u00f3n<\/strong><\/p>\n\n\n\n<p>Los Datos Personales ser\u00e1n tratados y conservados durante el tiempo que lo requiera la finalidad para la que han sido recabados.<\/p>\n\n\n\n<p><em>Por lo tanto:<\/em><\/p>\n\n\n\n<p>Los Datos Personales recogidos con fines relacionados con la ejecuci\u00f3n de un contrato entre el Propietario y el Usuario se conservar\u00e1n hasta que dicho contrato se haya ejecutado en su totalidad.<\/p>\n\n\n\n<p>Los Datos Personales recogidos para fines relacionados con los intereses leg\u00edtimos del Propietario se conservar\u00e1n durante el tiempo necesario para cumplir dichos fines. Los usuarios pueden encontrar informaci\u00f3n espec\u00edfica sobre los intereses leg\u00edtimos perseguidos por el Propietario en las secciones pertinentes de este documento o poni\u00e9ndose en contacto con el Propietario.<\/p>\n\n\n\n<p>El Propietario podr\u00e1 conservar los Datos Personales durante un per\u00edodo m\u00e1s largo siempre que el Usuario haya dado su consentimiento a dicho tratamiento, mientras no se retire dicho consentimiento. Adem\u00e1s, el Propietario podr\u00e1 estar obligado a conservar los Datos Personales durante un per\u00edodo m\u00e1s largo siempre que as\u00ed se requiera para el cumplimiento de una obligaci\u00f3n legal o por orden de una autoridad.<\/p>\n\n\n\n<p>Una vez transcurrido el plazo de conservaci\u00f3n, los Datos Personales ser\u00e1n eliminados. Por lo tanto, el derecho de acceso, el derecho de supresi\u00f3n, el derecho de rectificaci\u00f3n y el derecho de portabilidad de datos no podr\u00e1n hacerse valer una vez expirado el periodo de conservaci\u00f3n.<\/p>\n\n\n\n<p><\/p>\n\n\n\n<p><strong>Finalidad del tratamiento<\/strong><\/p>\n\n\n\n<p>Los Datos relativos al Usuario se recogen para permitir al Propietario prestar su Servicio, cumplir con sus obligaciones legales, responder a solicitudes de ejecuci\u00f3n, proteger sus derechos e intereses (o los de sus Usuarios o terceros), detectar cualquier actividad maliciosa o fraudulenta, as\u00ed como las siguientes: Anal\u00edtica, Publicidad, Alojamiento e infraestructura backend, Servicios de plataforma y alojamiento, Monitorizaci\u00f3n de infraestructuras, Funciones sociales, Gesti\u00f3n de contactos y env\u00edo de mensajes y Pruebas Beta.<\/p>\n\n\n\n<p>Para obtener informaci\u00f3n espec\u00edfica sobre los Datos Personales utilizados para cada finalidad, el Usuario puede consultar el apartado &#8220;Informaci\u00f3n detallada sobre el tratamiento de Datos Personales&#8221;.<\/p>\n\n\n\n<p><\/p>\n\n\n\n<p class=\"has-text-align-center\"><strong>Derechos de los Usuarios<\/strong><\/p>\n\n\n\n<p>Los Usuarios pueden ejercer ciertos derechos en relaci\u00f3n con sus Datos procesados por el Propietario.<\/p>\n\n\n\n<p>En particular, los Usuarios tienen derecho a hacer lo siguiente:<\/p>\n\n\n\n<ul>\n<li>Retirar su consentimiento en cualquier momento. Los Usuarios tienen derecho a retirar su consentimiento cuando hayan dado previamente su consentimiento al tratamiento de sus Datos Personales.<\/li>\n\n\n\n<li>Oponerse al tratamiento de sus Datos. Los usuarios tienen derecho a oponerse al tratamiento de sus datos si \u00e9ste se lleva a cabo sobre una base jur\u00eddica distinta del consentimiento. Encontrar\u00e1 m\u00e1s informaci\u00f3n al respecto en la secci\u00f3n correspondiente.<\/li>\n\n\n\n<li>Acceder a sus datos. Los usuarios tienen derecho a saber si el Propietario est\u00e1 tratando sus datos, a obtener informaci\u00f3n sobre determinados aspectos del tratamiento y a obtener una copia de los datos tratados.<\/li>\n\n\n\n<li>Verificar y solicitar la rectificaci\u00f3n. Los usuarios tienen derecho a verificar la exactitud de sus datos y a solicitar su actualizaci\u00f3n o rectificaci\u00f3n.<\/li>\n\n\n\n<li>Limitar el tratamiento de sus datos. Los usuarios tienen derecho, en determinadas circunstancias, a restringir el tratamiento de sus datos. En este caso, el Propietario no procesar\u00e1 sus datos para ning\u00fan otro fin que no sea su almacenamiento.<\/li>\n\n\n\n<li>A que sus Datos Personales sean borrados o eliminados de cualquier otra forma. Los usuarios tienen derecho, en determinadas circunstancias, a obtener del Propietario la supresi\u00f3n de sus Datos.<\/li>\n\n\n\n<li>Recibir sus datos y transferirlos a otro responsable del tratamiento. Los usuarios tienen derecho a recibir sus datos en un formato estructurado, de uso com\u00fan y lectura mec\u00e1nica y, si es t\u00e9cnicamente posible, a que se transmitan a otro responsable del tratamiento sin ning\u00fan impedimento. Esta disposici\u00f3n es aplicable siempre que los Datos se traten por medios automatizados y que el tratamiento se base en el consentimiento del Usuario, en un contrato del que el Usuario sea parte o en obligaciones precontractuales del mismo.<\/li>\n\n\n\n<li>Presentar una reclamaci\u00f3n. El Usuario tiene derecho a presentar una reclamaci\u00f3n ante la autoridad competente en materia de protecci\u00f3n de datos.<\/li>\n\n\n\n<li>Detalles sobre el derecho a oponerse al tratamiento<\/li>\n\n\n\n<li>Cuando los Datos Personales sean objeto de tratamiento por razones de inter\u00e9s p\u00fablico, en el ejercicio de un poder p\u00fablico conferido al Propietario o para la satisfacci\u00f3n de los intereses leg\u00edtimos perseguidos por el Propietario, los Usuarios podr\u00e1n oponerse a dicho tratamiento alegando un motivo relacionado con su situaci\u00f3n particular que justifique la oposici\u00f3n.<\/li>\n<\/ul>\n\n\n\n<p>Los Usuarios deben saber que, no obstante, en caso de que sus Datos Personales sean tratados con fines de marketing directo, podr\u00e1n oponerse a dicho tratamiento en cualquier momento sin necesidad de aportar justificaci\u00f3n alguna. Para saber si el Propietario est\u00e1 tratando Datos Personales con fines de marketing directo, los Usuarios pueden consultar las secciones pertinentes de este documento.<\/p>\n\n\n\n<p><em>C\u00f3mo ejercer estos derechos<\/em><\/p>\n\n\n\n<p>Cualquier solicitud de ejercicio de los derechos del Usuario puede dirigirse al Propietario a trav\u00e9s de los datos de contacto facilitados en este documento. Estas solicitudes pueden ejercerse de forma gratuita y ser\u00e1n atendidas por el Propietario lo antes posible y siempre en el plazo de un mes.<\/p>\n\n\n\n<p><\/p>\n\n\n\n<p class=\"has-text-align-center\"><strong>Informaci\u00f3n adicional sobre recogida y tratamiento de datos<\/strong><\/p>\n\n\n\n<p><strong><em>Acciones legales<\/em><\/strong><\/p>\n\n\n\n<p>Los Datos Personales del Usuario podr\u00e1n ser utilizados con fines legales por el Propietario ante los Tribunales o en las fases conducentes a posibles acciones legales derivadas del uso indebido de <strong>tiktok comment picker<\/strong> o de los Servicios relacionados. El Usuario declara ser consciente de que el Propietario puede verse obligado a revelar datos personales a petici\u00f3n de las autoridades p\u00fablicas.<\/p>\n\n\n\n<p><\/p>\n\n\n\n<p><strong><em>Informaci\u00f3n adicional sobre los Datos Personales del Usuario<\/em><\/strong><\/p>\n\n\n\n<p>Adem\u00e1s de la informaci\u00f3n contenida en la presente pol\u00edtica de privacidad, <strong>tiktok comment picker<\/strong> podr\u00e1 proporcionar al Usuario, previa solicitud, informaci\u00f3n adicional y contextual relativa a Servicios concretos o a la recogida y tratamiento de Datos Personales.<\/p>\n\n\n\n<p><\/p>\n\n\n\n<p><strong><em>Registros del sistema y mantenimiento<\/em><\/strong><\/p>\n\n\n\n<p>Para fines de operaci\u00f3n y mantenimiento,<strong> tiktok comment picker<\/strong> y cualquier servicio de terceros pueden recopilar archivos que registran la interacci\u00f3n con<strong> tiktok comment picker<\/strong> (registros del sistema) y utilizar otros Datos Personales (como la direcci\u00f3n IP) para este fin.<\/p>\n\n\n\n<p><\/p>\n\n\n\n<p><strong><em>Informaci\u00f3n no contenida en esta pol\u00edtica<\/em><\/strong><\/p>\n\n\n\n<p>En cualquier momento podr\u00e1 solicitar al Propietario m\u00e1s detalles sobre la recogida o el tratamiento de Datos Personales. Consulte la informaci\u00f3n de contacto al principio de este documento.<\/p>\n\n\n\n<p><\/p>\n\n\n\n<p><strong><em>C\u00f3mo se gestionan las solicitudes &#8220;Do Not Track\u201d<\/em><\/strong><\/p>\n\n\n\n<p><strong>tiktok comment picker<\/strong> no admite solicitudes &#8220;Do Not Track&#8221;. Para determinar si alguno de los servicios de terceros que utiliza respeta las solicitudes &#8220;Do Not Track&#8221;, lea sus pol\u00edticas de privacidad.<\/p>\n\n\n\n<p><\/p>\n\n\n\n<p><strong><em>Cambios en esta pol\u00edtica de privacidad<\/em><\/strong><\/p>\n\n\n\n<p>El Propietario se reserva el derecho a realizar cambios en esta pol\u00edtica de privacidad en cualquier momento notificando a sus Usuarios en esta p\u00e1gina y posiblemente dentro de <strong>tiktok comment picker<\/strong> y\/o -en la medida en que sea t\u00e9cnica y legalmente factible- enviando una notificaci\u00f3n a los Usuarios a trav\u00e9s de cualquier informaci\u00f3n de contacto disponible para el Propietario. Se recomienda encarecidamente consultar esta p\u00e1gina con frecuencia, haciendo referencia a la fecha de la \u00faltima modificaci\u00f3n que figura en la parte inferior.<\/p>\n\n\n\n<p>En caso de que los cambios afecten a las actividades de tratamiento realizadas sobre la base del consentimiento del Usuario, el Propietario recabar\u00e1 un nuevo consentimiento del Usuario, cuando sea necesario.<\/p>\n","protected":false},"excerpt":{"rendered":"<p>\u00daltima actualizaci\u00f3n: 27 de mayo de 2023 Sus Datos Personales Resumen de la pol\u00edtica Datos Personales recogidos para las siguientes finalidades y utilizando los siguientes servicios: Publicidad AdMob Datos personales: Cookies; identificadores \u00fanicos de dispositivos para publicidad (ID de anunciante de Google o IDFA, por ejemplo); Datos de uso. MoPub, AdColony, InMobi, AppLovin y Facebook &hellip;<\/p>\n<p class=\"read-more\"> <a class=\"\" href=\"https:\/\/diasporadigitalgrowth.com\/index.php\/politica-privacidad-app-comment-picker\/\"> <span class=\"screen-reader-text\">Pol\u00edtica de privacidad tiktok comment picker<\/span> Read More &raquo;<\/a><\/p>\n","protected":false},"author":1,"featured_media":6,"parent":0,"menu_order":0,"comment_status":"closed","ping_status":"open","template":"","meta":{"site-sidebar-layout":"default","site-content-layout":"","ast-site-content-layout":"","site-content-style":"default","site-sidebar-style":"default","ast-global-header-display":"","ast-banner-title-visibility":"","ast-main-header-display":"","ast-hfb-above-header-display":"","ast-hfb-below-header-display":"","ast-hfb-mobile-header-display":"","site-post-title":"","ast-breadcrumbs-content":"","ast-featured-img":"","footer-sml-layout":"","theme-transparent-header-meta":"","adv-header-id-meta":"","stick-header-meta":"","header-above-stick-meta":"","header-main-stick-meta":"","header-below-stick-meta":"","astra-migrate-meta-layouts":"","ast-page-background-enabled":"default","ast-page-background-meta":{"desktop":{"background-color":"var(--ast-global-color-4)","background-image":"","background-repeat":"repeat","background-position":"center center","background-size":"auto","background-attachment":"scroll","background-type":"","background-media":"","overlay-type":"","overlay-color":"","overlay-gradient":""},"tablet":{"background-color":"","background-image":"","background-repeat":"repeat","background-position":"center center","background-size":"auto","background-attachment":"scroll","background-type":"","background-media":"","overlay-type":"","overlay-color":"","overlay-gradient":""},"mobile":{"background-color":"","background-image":"","background-repeat":"repeat","background-position":"center center","background-size":"auto","background-attachment":"scroll","background-type":"","background-media":"","overlay-type":"","overlay-color":"","overlay-gradient":""}},"ast-content-background-meta":{"desktop":{"background-color":"var(--ast-global-color-5)","background-image":"","background-repeat":"repeat","background-position":"center center","background-size":"auto","background-attachment":"scroll","background-type":"","background-media":"","overlay-type":"","overlay-color":"","overlay-gradient":""},"tablet":{"background-color":"var(--ast-global-color-5)","background-image":"","background-repeat":"repeat","background-position":"center center","background-size":"auto","background-attachment":"scroll","background-type":"","background-media":"","overlay-type":"","overlay-color":"","overlay-gradient":""},"mobile":{"background-color":"var(--ast-global-color-5)","background-image":"","background-repeat":"repeat","background-position":"center center","background-size":"auto","background-attachment":"scroll","background-type":"","background-media":"","overlay-type":"","overlay-color":"","overlay-gradient":""}}},"_links":{"self":[{"href":"https:\/\/diasporadigitalgrowth.com\/index.php\/wp-json\/wp\/v2\/pages\/3"}],"collection":[{"href":"https:\/\/diasporadigitalgrowth.com\/index.php\/wp-json\/wp\/v2\/pages"}],"about":[{"href":"https:\/\/diasporadigitalgrowth.com\/index.php\/wp-json\/wp\/v2\/types\/page"}],"author":[{"embeddable":true,"href":"https:\/\/diasporadigitalgrowth.com\/index.php\/wp-json\/wp\/v2\/users\/1"}],"replies":[{"embeddable":true,"href":"https:\/\/diasporadigitalgrowth.com\/index.php\/wp-json\/wp\/v2\/comments?post=3"}],"version-history":[{"count":3,"href":"https:\/\/diasporadigitalgrowth.com\/index.php\/wp-json\/wp\/v2\/pages\/3\/revisions"}],"predecessor-version":[{"id":9,"href":"https:\/\/diasporadigitalgrowth.com\/index.php\/wp-json\/wp\/v2\/pages\/3\/revisions\/9"}],"wp:featuredmedia":[{"embeddable":true,"href":"https:\/\/diasporadigitalgrowth.com\/index.php\/wp-json\/wp\/v2\/media\/6"}],"wp:attachment":[{"href":"https:\/\/diasporadigitalgrowth.com\/index.php\/wp-json\/wp\/v2\/media?parent=3"}],"curies":[{"name":"wp","href":"https:\/\/api.w.org\/{rel}","templated":true}]}}